{"id":96,"date":"2025-07-23T14:42:15","date_gmt":"2025-07-23T12:42:15","guid":{"rendered":"http:\/\/r25.herdsoft\/cms\/?page_id=96"},"modified":"2025-08-06T14:44:39","modified_gmt":"2025-08-06T12:44:39","slug":"datenschutzerklaerung","status":"publish","type":"page","link":"http:\/\/r25.herdsoft\/cms\/datenschutzerklaerung\/","title":{"rendered":"Datenschutzerkl\u00e4rung"},"content":{"rendered":"\n<p>Die Adresse unserer Website ist: https:\/\/www.herdsoft.com.<\/p>\n\n\n\n<p>Der Schutz Ihrer personenbezogenen Daten bei der Erhebung, Verarbeitung und Nutzung anl\u00e4sslich Ihres Besuchs auf unseren Webseiten uns ein wichtiges Anliegen. Die Erhebung, Verarbeitung und Nutzung Ihrer Daten erfolgt im Rahmen der gesetzlichen Vorschriften, \u00fcber die Sie sich z.B. unter&nbsp;<a rel=\"noreferrer noopener\" href=\"http:\/\/www.bfdi.bund.de\/\" target=\"_blank\">www.bfdi.bund.de<\/a>&nbsp;umfassend informieren k\u00f6nnen.<br>Im Folgenden erl\u00e4utern wir Ihnen, welche Informationen wir w\u00e4hrend Ihres Besuchs auf unseren Webseiten erfassen und wie diese genutzt werden:<\/p>\n\n\n\n<h2 class=\"wp-block-heading\">1. Welche personenbezogenen Daten wir sammeln und warum wir sie sammeln<\/h2>\n\n\n\n<h3 class=\"wp-block-heading\">a) Beim Besuch der Webseite<\/h3>\n\n\n\n<p>Wie praktisch jede anderen Webseite auch, protokollieren wir bei jedem Zugriff auf unserer Webseite und bei jedem Abruf einer Datei \u00fcber diesen Vorgang Daten in einer Protokolldatei. Die Speicherung dient ausschlie\u00dflich internen systembezogenen und statistischen Zwecken.<\/p>\n\n\n\n<p>Diese Daten werden zur Sicherung des Betriebs der Webseite verarbeitet. Die Verarbeitung der Daten erfolgt aufgrund von Art. 6 Abs. 1 lit. b DSGVO.<\/p>\n\n\n\n<p>Daten, die wir <strong>automatisch<\/strong> bei der Nutzung unserer Webseite <strong>erfassen<\/strong>:<\/p>\n\n\n\n<ul class=\"wp-block-list\">\n<li>IP-Adresse Ihres Internetzugangs,<\/li>\n\n\n\n<li>Name der abgerufenen Datei,<\/li>\n\n\n\n<li>Datum und Uhrzeit des Abrufs,<\/li>\n\n\n\n<li>\u00fcbertragene Datenmenge,<\/li>\n\n\n\n<li>Meldung \u00fcber erfolgreichen Abruf oder Fehlercodes,<\/li>\n\n\n\n<li>anfragende Domain (Referer),<\/li>\n\n\n\n<li>Beschreibung des Typs des verwendeten Webbrowser und ggf. des Betriebssystems Ihres Endger\u00e4ts (User-Agent).<\/li>\n<\/ul>\n\n\n\n<p>In keinem Fall verwenden wir die automatisch erhobenen Daten zu dem Zweck, R\u00fcckschl\u00fcsse auf Ihre Person zu ziehen. Die Daten empfangen wir von den Ger\u00e4ten (auch Mobilger\u00e4ten), die Sie verwenden, um unsere Webseite zu nutzen.<\/p>\n\n\n\n<h3 class=\"wp-block-heading\">b) Bei der Durchf\u00fchrung von Bestellungen<\/h3>\n\n\n\n<p>Falls Sie \u00fcber das einfache <a href=\"http:\/\/www.herdsoft\/order\/\">Bestellsystem<\/a> die Daten f\u00fcr eine Bestellung erfassen, so werden die von Ihnen eingegebenen Daten auf unserem Webserver in einer Protokolldatei erfasst.<\/p>\n\n\n\n<p>Bei Absenden der Bestellung wird daraus eine E-Mail an unseren Support generiert. Dieser erfasst die Daten manuell in unserem Bestellwesen.<\/p>\n\n\n\n<p>Die Daten werden dort in einer Datenbank f\u00fcr Rechnungsstellung und Zahlungseingangkontrolle erfasst.<\/p>\n\n\n\n<h3 class=\"wp-block-heading\">c) Bei der Verwendung der Suchfunktion<\/h3>\n\n\n\n<p>Die Suchfunktion protokolliert die verwendeten Suchbegriffe in einer Protokolldatei. Sie dient der Leistungs- und Funktionsanalyse des Suchprogrammes. Die Protokolldatei wird nach sp\u00e4testens 6 Monaten automatisch gel\u00f6scht.<\/p>\n\n\n\n<h3 class=\"wp-block-heading\">d) Bei der Verwendung aktiver Inhalte<\/h3>\n\n\n\n<p><strong>cgibar.cgi<\/strong>: Die angegebenen Texte und Parameter werden als Teil des Objektnamens in der Server-Prokolldatei gespeichert und nach sp\u00e4testens 6 Monaten mit diesen gel\u00f6scht<\/p>\n\n\n\n<p><strong>barcodecgi.cgi<\/strong>: Die Parameter werden als Teil des Objektnamens in der Server-Prokolldatei gespeichert und nach sp\u00e4testens 6 Monaten mit diesen gel\u00f6scht. Die \u00fcbertragenen Bilddateien werden nicht gespeichert.<\/p>\n\n\n\n<p><strong>dxf2tiffcgi.cgi<\/strong>: Die Parameter werden als Teil des Objektnamens in der Server-Prokolldatei gespeichert und nach sp\u00e4testens 6 Monaten mit diesen gel\u00f6scht. Die \u00fcbertragenen Bilddateien werden nicht gespeichert.<\/p>\n\n\n\n<h2 class=\"wp-block-heading\">2. Nutzung und Weitergabe personenbezogener Daten<\/h2>\n\n\n\n<h3 class=\"wp-block-heading\">a) Gespeicherte personenbezogene Daten<\/h3>\n\n\n\n<p>Wir geben Ihre Daten nur an Dritte weiter, wenn:<\/p>\n\n\n\n<ul class=\"wp-block-list\">\n<li>eine gesetzliche Verpflichtung zur Weitergabe besteht (Art.6 Abs.1 lit.&nbsp;c DSGVO),<\/li>\n\n\n\n<li>die Weitergabe zur Geltendmachung, Aus\u00fcbung oder Verteidigung von Rechtsanspr\u00fcchen erforderlich ist und kein Grund zur Annahme besteht, dass Sie ein \u00fcberwiegendes schutzw\u00fcrdiges Interesse an der Nichtweitergabe Ihrer Daten haben (Art.&nbsp;6 Abs.&nbsp;1 S.&nbsp;1 lit.&nbsp;f DSGVO).<\/li>\n<\/ul>\n\n\n\n<p>In diesen F\u00e4llen beschr\u00e4nkt sich der Umfang der \u00fcbermittelten Daten jedoch nur auf das erforderliche Minimum. Unsere Datenschutzbestimmungen stehen im Einklang mit den geltenden datenschutzrechtlichen Bestimmungen und die Daten werden nur in der Bundesrepublik Deutschland verarbeitet.<\/p>\n\n\n\n<h3 class=\"wp-block-heading\">b) Eingebettete Inhalte von anderen Websites<\/h3>\n\n\n\n<p>Beitr\u00e4ge auf dieser Website k\u00f6nnen eingebettete Inhalte beinhalten (z.&nbsp;B. Videos, Bilder, Beitr\u00e4ge etc.). Eingebettete Inhalte von anderen Websites verhalten sich exakt so, als ob der Besucher die andere Website besucht h\u00e4tte.<\/p>\n\n\n\n<p>Diese Websites k\u00f6nnen Daten \u00fcber Sie sammeln, Cookies benutzen, zus\u00e4tzliche Tracking-Dienste von Dritten einbetten und deine Interaktion mit diesem eingebetteten Inhalt aufzeichnen, inklusive Ihrer Interaktion mit dem eingebetteten Inhalt, falls Sie ein Konto haben und auf dieser Website angemeldet sind.<\/p>\n\n\n\n<h2 class=\"wp-block-heading\">Erzeugung von Cookies<\/h2>\n\n\n\n<p>Cookies sind kleine Informationseinheiten, die von einem Webserver in Ihrem Webbrowser abgelegt werden k\u00f6nnen und beim n\u00e4chsten Besuch des Webservers wieder an diesen zur\u00fcckgegeben werden.<\/p>\n\n\n\n<p>Unsere Software legt in Ihrem Browser <em>keine Cookies<\/em> ab.<\/p>\n\n\n\n<h2 class=\"wp-block-heading\">Analysedienste<\/h2>\n\n\n\n<p>Um unn\u00f6tige Daten\u00fcbermittlung an Dritte zu vermeiden, benutzen wir <em>keine externen Analysedienste<\/em> wie Google Analytics oder \u00e4hnliches. Wir gewinnen analytische Informationen nur aus den oben genannten Protokolldateien.<\/p>\n\n\n\n<h2 class=\"wp-block-heading\">Wie lange wir Ihre Daten speichern<\/h2>\n\n\n\n<p>Protokolldateien der Webserver werden maximal f\u00fcr 6 Monate aufbewahrt und dann automatisch gel\u00f6scht.<\/p>\n\n\n\n<p>Zur Auskunftserteilung wenden Sie sich bitte an unseren Sprecher <a href=\"mailto:info25@herdsoft.com\">info25@herdsoft.com<\/a>. Weitere Kontaktm\u00f6glichkeiten finden Sie auch auf der <a href=\"http:\/\/www.herdsoft\/katalog\/\">deutschen Leitseite<\/a>.<\/p>\n\n\n\n<p>Gem\u00e4\u00df Art. 7 Abs. 3 DSGVO haben Sie das Recht Ihre einmal erteilte Einwilligung jederzeit gegen\u00fcber uns zu widerrufen. Dies hat zur Folge, dass wir die Datenverarbeitung, die auf dieser Einwilligung beruhte, f\u00fcr die Zukunft nicht mehr fortf\u00fchren d\u00fcrfen.<br>Sie haben zudem das Recht, jederzeit gegen die Verarbeitung Ihrer personenbezogenen Daten Widerspruch zu erheben, sofern ein Widerspruchsrecht gesetzlich vorgesehen ist. Im Falle eines wirksamen Widerrufs werden Ihre personenbezogenen Daten ebenfalls automatisch durch uns gel\u00f6scht (Art. 21 DSGVO).<\/p>\n\n\n\n<p>M\u00f6chten Sie von Ihrem Widerrufs- oder Widerspruchsrecht Gebrauch machen, gen\u00fcgt eine E-Mail an: <a href=\"mailto:info25@herdsoft.com\">info25@herdsoft.com<\/a>. Weitere Kontaktm\u00f6glichkeiten finden Sie auch auf der <a href=\"http:\/\/www.herdsoft\/katalog\/\">deutschen Leitseite<\/a>.<\/p>\n\n\n\n<p>Bei Verst\u00f6\u00dfen gegen die datenschutzrechtlichen Vorschriften haben Sie gem\u00e4\u00df Art. 77 DSGVO die M\u00f6glichkeit, Beschwerde bei der zust\u00e4ndigen Aufsichtsbeh\u00f6rde zu erheben. Zust\u00e4ndige Aufsichtsbeh\u00f6rde ist sowohl der Landesbeauftrage f\u00fcr Datenschutz und Informationsfreiheit Hessen (<a href=\"https:\/\/datenschutz.hessen.de\/\">https:\/\/datenschutz.hessen.de<\/a>\/) als auch jede andere Aufsichtsbeh\u00f6rde.<\/p>\n","protected":false},"excerpt":{"rendered":"<p>Die Adresse unserer Website ist: https:\/\/www.herdsoft.com. Der Schutz Ihrer personenbezogenen Daten bei der Erhebung, Verarbeitung und Nutzung anl\u00e4sslich Ihres Besuchs auf unseren Webseiten uns ein wichtiges Anliegen. Die Erhebung, Verarbeitung und Nutzung Ihrer Daten erfolgt im Rahmen der gesetzlichen Vorschriften, \u00fcber die Sie sich z.B. unter&nbsp;www.bfdi.bund.de&nbsp;umfassend informieren k\u00f6nnen.Im Folgenden erl\u00e4utern wir Ihnen, welche Informationen wir [&hellip;]<\/p>\n","protected":false},"author":1,"featured_media":0,"parent":0,"menu_order":0,"comment_status":"closed","ping_status":"closed","template":"","meta":{"footnotes":""},"class_list":["post-96","page","type-page","status-publish","hentry"],"_links":{"self":[{"href":"http:\/\/r25.herdsoft\/cms\/wp-json\/wp\/v2\/pages\/96","targetHints":{"allow":["GET"]}}],"collection":[{"href":"http:\/\/r25.herdsoft\/cms\/wp-json\/wp\/v2\/pages"}],"about":[{"href":"http:\/\/r25.herdsoft\/cms\/wp-json\/wp\/v2\/types\/page"}],"author":[{"embeddable":true,"href":"http:\/\/r25.herdsoft\/cms\/wp-json\/wp\/v2\/users\/1"}],"replies":[{"embeddable":true,"href":"http:\/\/r25.herdsoft\/cms\/wp-json\/wp\/v2\/comments?post=96"}],"version-history":[{"count":12,"href":"http:\/\/r25.herdsoft\/cms\/wp-json\/wp\/v2\/pages\/96\/revisions"}],"predecessor-version":[{"id":943,"href":"http:\/\/r25.herdsoft\/cms\/wp-json\/wp\/v2\/pages\/96\/revisions\/943"}],"wp:attachment":[{"href":"http:\/\/r25.herdsoft\/cms\/wp-json\/wp\/v2\/media?parent=96"}],"curies":[{"name":"wp","href":"https:\/\/api.w.org\/{rel}","templated":true}]}}