{"id":88,"date":"2025-07-23T14:30:28","date_gmt":"2025-07-23T12:30:28","guid":{"rendered":"http:\/\/r25.herdsoft\/cms\/?page_id=88"},"modified":"2025-08-06T14:45:12","modified_gmt":"2025-08-06T12:45:12","slug":"impressum","status":"publish","type":"page","link":"http:\/\/r25.herdsoft\/cms\/impressum\/","title":{"rendered":"Impressum"},"content":{"rendered":"\n<h3 class=\"wp-block-heading\">Dieser Webauftritt wird betrieben von:<\/h3>\n\n\n\n<div class=\"wp-block-columns is-layout-flex wp-container-core-columns-is-layout-28f84493 wp-block-columns-is-layout-flex\">\n<div class=\"wp-block-column is-layout-flow wp-block-column-is-layout-flow\" style=\"flex-basis:100%\">\n<p> <img loading=\"lazy\" decoding=\"async\" width=\"50\" height=\"50\" class=\"wp-image-390\" style=\"width: 50px;\" src=\"http:\/\/r25.herdsoft\/cms\/wp-content\/uploads\/2025\/07\/logo.png\" alt=\"Firmenlogo\" srcset=\"http:\/\/r25.herdsoft\/cms\/wp-content\/uploads\/2025\/07\/logo.png 512w, http:\/\/r25.herdsoft\/cms\/wp-content\/uploads\/2025\/07\/logo-300x300.png 300w, http:\/\/r25.herdsoft\/cms\/wp-content\/uploads\/2025\/07\/logo-150x150.png 150w\" sizes=\"auto, (max-width: 50px) 100vw, 50px\" \/>Herd Software Entwicklung<br>Dipl. Ing Bernd Herd (TH)<br>Kettelerstra\u00dfe 35<br><strong>68642 B\u00fcrstadt<\/strong><br>Deutschland<\/p>\n<\/div>\n\n\n\n<div class=\"wp-block-column is-layout-flow wp-block-column-is-layout-flow\" style=\"flex-basis:100%\">\n<iframe loading=\"lazy\" width=\"425\" height=\"350\" src=\"https:\/\/www.openstreetmap.org\/export\/embed.html?bbox=8.454987980172822%2C49.63580038063912%2C8.477132297799775%2C49.64393635421116&amp;layer=mapnik&amp;marker=49.639868537349294%2C8.466060138986336\" style=\"border: 1px solid black\"><\/iframe>\n\n\n\n<p class=\"has-small-font-size\"><a href=\"https:\/\/www.openstreetmap.org\/?mlat=49.639869&amp;mlon=8.466060#map=17\/49.639869\/8.466060\">Gr\u00f6\u00dfere Karte anzeigen<\/a><\/p>\n<\/div>\n<\/div>\n\n\n\n<p>Tel: +49-6206-707775<br>Fax: +49-6206-707776<\/p>\n\n\n\n<p><\/p>\n\n\n\n<h3 class=\"wp-block-heading\">Adressen:<\/h3>\n\n\n\n<ul class=\"wp-block-list\">\n<li>eMail: <a href=\"mailto:info25@herdsoft.com\"><strong>info25@herdsoft.com<\/strong><\/a><\/li>\n\n\n\n<li>World wide Web: <a href=\"https:\/\/www.herdsoft.com\">https:\/\/www.herdsoft.com<\/a><\/li>\n\n\n\n<li>Mastodon\/ActivityPub: <a href=\"https:\/\/gruene.social\/@herdsoft\">@herdsoft@gruene.social<\/a><\/li>\n\n\n\n<li>Matrix: @bernd_herd:one.ems.host<\/li>\n<\/ul>\n","protected":false},"excerpt":{"rendered":"<p>Dieser Webauftritt wird betrieben von: Herd Software EntwicklungDipl. Ing Bernd Herd (TH)Kettelerstra\u00dfe 3568642 B\u00fcrstadtDeutschland Gr\u00f6\u00dfere Karte anzeigen Tel: +49-6206-707775Fax: +49-6206-707776 Adressen:<\/p>\n","protected":false},"author":1,"featured_media":0,"parent":0,"menu_order":0,"comment_status":"closed","ping_status":"closed","template":"","meta":{"footnotes":""},"class_list":["post-88","page","type-page","status-publish","hentry"],"_links":{"self":[{"href":"http:\/\/r25.herdsoft\/cms\/wp-json\/wp\/v2\/pages\/88","targetHints":{"allow":["GET"]}}],"collection":[{"href":"http:\/\/r25.herdsoft\/cms\/wp-json\/wp\/v2\/pages"}],"about":[{"href":"http:\/\/r25.herdsoft\/cms\/wp-json\/wp\/v2\/types\/page"}],"author":[{"embeddable":true,"href":"http:\/\/r25.herdsoft\/cms\/wp-json\/wp\/v2\/users\/1"}],"replies":[{"embeddable":true,"href":"http:\/\/r25.herdsoft\/cms\/wp-json\/wp\/v2\/comments?post=88"}],"version-history":[{"count":15,"href":"http:\/\/r25.herdsoft\/cms\/wp-json\/wp\/v2\/pages\/88\/revisions"}],"predecessor-version":[{"id":944,"href":"http:\/\/r25.herdsoft\/cms\/wp-json\/wp\/v2\/pages\/88\/revisions\/944"}],"wp:attachment":[{"href":"http:\/\/r25.herdsoft\/cms\/wp-json\/wp\/v2\/media?parent=88"}],"curies":[{"name":"wp","href":"https:\/\/api.w.org\/{rel}","templated":true}]}}