{"id":72,"date":"2025-07-23T14:25:41","date_gmt":"2025-07-23T12:25:41","guid":{"rendered":"http:\/\/r25.herdsoft\/cms\/?page_id=72"},"modified":"2025-08-06T14:20:32","modified_gmt":"2025-08-06T12:20:32","slug":"aktuelles","status":"publish","type":"page","link":"http:\/\/r25.herdsoft\/cms\/aktuelles\/","title":{"rendered":"Aktuelles"},"content":{"rendered":"\n<div class=\"wp-block-group alignfull has-global-padding is-layout-constrained wp-block-group-is-layout-constrained\" style=\"margin-top:0;margin-bottom:0\">\n<div class=\"wp-block-columns alignwide is-layout-flex wp-container-core-columns-is-layout-65e523f9 wp-block-columns-is-layout-flex\">\n<div class=\"wp-block-column is-layout-flow wp-block-column-is-layout-flow\" style=\"flex-basis:66.66%\">\n<div class=\"wp-block-query is-layout-flow wp-block-query-is-layout-flow\"><ul class=\"wp-block-post-template is-layout-flow wp-block-post-template-is-layout-flow\"><li class=\"wp-block-post post-1219 post type-post status-publish format-standard has-post-thumbnail hentry category-allgemein\">\n\n<div class=\"wp-block-group is-layout-flow wp-container-core-group-is-layout-81d5c4b5 wp-block-group-is-layout-flow\"><h2 class=\"wp-block-post-title\"><a href=\"http:\/\/r25.herdsoft\/cms\/2025\/09\/git-repository-auf-codeberg\/\" target=\"_self\" >GIT Repository auf Codeberg<\/a><\/h2>\n\n\n<div class=\"wp-block-group is-nowrap is-layout-flex wp-container-core-group-is-layout-6c531013 wp-block-group-is-layout-flex\"><figure style=\"aspect-ratio:3\/2; padding-top:0;padding-bottom:0;padding-left:0;padding-right:0;margin-top:0;margin-bottom:0;\" class=\"wp-block-post-featured-image\"><a href=\"http:\/\/r25.herdsoft\/cms\/2025\/09\/git-repository-auf-codeberg\/\" target=\"_self\"  ><img loading=\"lazy\" decoding=\"async\" width=\"300\" height=\"214\" src=\"http:\/\/r25.herdsoft\/cms\/wp-content\/uploads\/2025\/09\/codeberg-300x214.jpg\" class=\"attachment-medium size-medium wp-post-image\" alt=\"GIT Repository auf Codeberg\" style=\"border-radius:0px;border-style:none;border-width:0px;width:100%;height:100%;object-fit:cover;\" srcset=\"http:\/\/r25.herdsoft\/cms\/wp-content\/uploads\/2025\/09\/codeberg-300x214.jpg 300w, http:\/\/r25.herdsoft\/cms\/wp-content\/uploads\/2025\/09\/codeberg.jpg 633w\" sizes=\"auto, (max-width: 300px) 100vw, 300px\" \/><\/a><\/figure>\n\n\n<p><\/p>\n\n\n<div class=\"wp-block-post-excerpt\"><p class=\"wp-block-post-excerpt__excerpt\">In Zukunft will ich Open Source Quelltexte als GIT Repository auf Codeberg ver\u00f6ffentlichen. Als erstes Projekt habe ich WinhelpCGI online gestellt. Weitere Projekte sollen folgen. Insbesondere plane ich, \u00e4ltere Projekte&hellip; <\/p><\/div><\/div>\n\n\n\n<div class=\"wp-block-group is-nowrap is-layout-flex wp-container-core-group-is-layout-6c531013 wp-block-group-is-layout-flex\"><div class=\"wp-block-post-date\"><time datetime=\"2025-09-06T12:40:12+02:00\">06.09.2025<\/time><\/div>\n\n<div style=\"font-style:normal;font-weight:300\" class=\"taxonomy-category has-link-color wp-elements-7e25d0198db94e2785ffafdb5bb852e8 wp-block-post-terms\"><a href=\"http:\/\/r25.herdsoft\/cms\/category\/allgemein\/\" rel=\"tag\">Allgemein<\/a><\/div><\/div>\n<\/div>\n\n<\/li><li class=\"wp-block-post post-1166 post type-post status-publish format-standard has-post-thumbnail hentry category-allgemein\">\n\n<div class=\"wp-block-group is-layout-flow wp-container-core-group-is-layout-81d5c4b5 wp-block-group-is-layout-flow\"><h2 class=\"wp-block-post-title\"><a href=\"http:\/\/r25.herdsoft\/cms\/2025\/08\/help-to-rtf-fuer-windows-11\/\" target=\"_self\" >Help to RTF f\u00fcr Windows 11<\/a><\/h2>\n\n\n<div class=\"wp-block-group is-nowrap is-layout-flex wp-container-core-group-is-layout-6c531013 wp-block-group-is-layout-flex\"><figure style=\"aspect-ratio:3\/2; padding-top:0;padding-bottom:0;padding-left:0;padding-right:0;margin-top:0;margin-bottom:0;\" class=\"wp-block-post-featured-image\"><a href=\"http:\/\/r25.herdsoft\/cms\/2025\/08\/help-to-rtf-fuer-windows-11\/\" target=\"_self\"  ><img loading=\"lazy\" decoding=\"async\" width=\"300\" height=\"182\" src=\"http:\/\/r25.herdsoft\/cms\/wp-content\/uploads\/2025\/07\/hlp2rtf-2-300x182.png\" class=\"attachment-medium size-medium wp-post-image\" alt=\"Help to RTF f\u00fcr Windows 11\" style=\"border-radius:0px;border-style:none;border-width:0px;width:100%;height:100%;object-fit:cover;\" srcset=\"http:\/\/r25.herdsoft\/cms\/wp-content\/uploads\/2025\/07\/hlp2rtf-2-300x182.png 300w, http:\/\/r25.herdsoft\/cms\/wp-content\/uploads\/2025\/07\/hlp2rtf-2.png 522w\" sizes=\"auto, (max-width: 300px) 100vw, 300px\" \/><\/a><\/figure>\n\n\n<p><\/p>\n\n\n<div class=\"wp-block-post-excerpt\"><p class=\"wp-block-post-excerpt__excerpt\">Help to RTF Version 2.16 l\u00e4uft nun auch m\u00fchelos unter Windows 10 und Windows 11. <\/p><\/div><\/div>\n\n\n\n<div class=\"wp-block-group is-nowrap is-layout-flex wp-container-core-group-is-layout-6c531013 wp-block-group-is-layout-flex\"><div class=\"wp-block-post-date\"><time datetime=\"2025-08-26T09:33:21+02:00\">26.08.2025<\/time><\/div>\n\n<div style=\"font-style:normal;font-weight:300\" class=\"taxonomy-category has-link-color wp-elements-7e25d0198db94e2785ffafdb5bb852e8 wp-block-post-terms\"><a href=\"http:\/\/r25.herdsoft\/cms\/category\/allgemein\/\" rel=\"tag\">Allgemein<\/a><\/div><\/div>\n<\/div>\n\n<\/li><li class=\"wp-block-post post-1128 post type-post status-publish format-standard has-post-thumbnail hentry category-projekte\">\n\n<div class=\"wp-block-group is-layout-flow wp-container-core-group-is-layout-81d5c4b5 wp-block-group-is-layout-flow\"><h2 class=\"wp-block-post-title\"><a href=\"http:\/\/r25.herdsoft\/cms\/2025\/08\/rikscha-buchungskalender\/\" target=\"_self\" >Rikscha Buchungskalender<\/a><\/h2>\n\n\n<div class=\"wp-block-group is-nowrap is-layout-flex wp-container-core-group-is-layout-6c531013 wp-block-group-is-layout-flex\"><figure style=\"aspect-ratio:3\/2; padding-top:0;padding-bottom:0;padding-left:0;padding-right:0;margin-top:0;margin-bottom:0;\" class=\"wp-block-post-featured-image\"><a href=\"http:\/\/r25.herdsoft\/cms\/2025\/08\/rikscha-buchungskalender\/\" target=\"_self\"  ><img loading=\"lazy\" decoding=\"async\" width=\"300\" height=\"220\" src=\"http:\/\/r25.herdsoft\/cms\/wp-content\/uploads\/2025\/08\/rikscha-300x220.jpg\" class=\"attachment-medium size-medium wp-post-image\" alt=\"Rikscha Buchungskalender\" style=\"border-radius:0px;border-style:none;border-width:0px;width:100%;height:100%;object-fit:cover;\" srcset=\"http:\/\/r25.herdsoft\/cms\/wp-content\/uploads\/2025\/08\/rikscha-300x220.jpg 300w, http:\/\/r25.herdsoft\/cms\/wp-content\/uploads\/2025\/08\/rikscha.jpg 653w\" sizes=\"auto, (max-width: 300px) 100vw, 300px\" \/><\/a><\/figure>\n\n\n<p><\/p>\n\n\n<div class=\"wp-block-post-excerpt\"><p class=\"wp-block-post-excerpt__excerpt\">Ich habe ehrenamtlich ein Terminbuchungssytem f\u00fcr die B\u00fcrst\u00e4dter Rikscha basierend auf PHP + Postgresql entwickelt. <\/p><\/div><\/div>\n\n\n\n<div class=\"wp-block-group is-nowrap is-layout-flex wp-container-core-group-is-layout-6c531013 wp-block-group-is-layout-flex\"><div class=\"wp-block-post-date\"><time datetime=\"2025-08-15T20:35:57+02:00\">15.08.2025<\/time><\/div>\n\n<div style=\"font-style:normal;font-weight:300\" class=\"taxonomy-category has-link-color wp-elements-7e25d0198db94e2785ffafdb5bb852e8 wp-block-post-terms\"><a href=\"http:\/\/r25.herdsoft\/cms\/category\/projekte\/\" rel=\"tag\">Projekte<\/a><\/div><\/div>\n<\/div>\n\n<\/li><li class=\"wp-block-post post-1008 post type-post status-publish format-standard has-post-thumbnail hentry category-datenschutz\">\n\n<div class=\"wp-block-group is-layout-flow wp-container-core-group-is-layout-81d5c4b5 wp-block-group-is-layout-flow\"><h2 class=\"wp-block-post-title\"><a href=\"http:\/\/r25.herdsoft\/cms\/2025\/08\/bedenken-second-und-die-folgen\/\" target=\"_self\" >&#8222;Bedenken Second&#8220; und die Folgen<\/a><\/h2>\n\n\n<div class=\"wp-block-group is-nowrap is-layout-flex wp-container-core-group-is-layout-6c531013 wp-block-group-is-layout-flex\"><figure style=\"aspect-ratio:3\/2; padding-top:0;padding-bottom:0;padding-left:0;padding-right:0;margin-top:0;margin-bottom:0;\" class=\"wp-block-post-featured-image\"><a href=\"http:\/\/r25.herdsoft\/cms\/2025\/08\/bedenken-second-und-die-folgen\/\" target=\"_self\"  ><img loading=\"lazy\" decoding=\"async\" width=\"300\" height=\"150\" src=\"http:\/\/r25.herdsoft\/cms\/wp-content\/uploads\/2025\/08\/bedenken-second-300x150.jpg\" class=\"attachment-medium size-medium wp-post-image\" alt=\"&#8222;Bedenken Second&#8220; und die Folgen\" style=\"border-radius:0px;border-style:none;border-width:0px;width:100%;height:100%;object-fit:cover;\" srcset=\"http:\/\/r25.herdsoft\/cms\/wp-content\/uploads\/2025\/08\/bedenken-second-300x150.jpg 300w, http:\/\/r25.herdsoft\/cms\/wp-content\/uploads\/2025\/08\/bedenken-second.jpg 348w\" sizes=\"auto, (max-width: 300px) 100vw, 300px\" \/><\/a><\/figure>\n\n\n<p><\/p>\n\n\n<div class=\"wp-block-post-excerpt\"><p class=\"wp-block-post-excerpt__excerpt\">Pseudo-Verschl\u00fcsselte E-Mails von \u00c4rzten, Berater die Verschl\u00fcsselung nicht verstehen und Software zum Schw\u00e4rzen von PDFs, die nicht alles schw\u00e4rzt&#8230; Der Digitalisierungs-Hype bringt unangenehme \u00dcberraschungen. <\/p><\/div><\/div>\n\n\n\n<div class=\"wp-block-group is-nowrap is-layout-flex wp-container-core-group-is-layout-6c531013 wp-block-group-is-layout-flex\"><div class=\"wp-block-post-date\"><time datetime=\"2025-08-08T22:59:52+02:00\">08.08.2025<\/time><\/div>\n\n<div style=\"font-style:normal;font-weight:300\" class=\"taxonomy-category has-link-color wp-elements-7e25d0198db94e2785ffafdb5bb852e8 wp-block-post-terms\"><a href=\"http:\/\/r25.herdsoft\/cms\/category\/datenschutz\/\" rel=\"tag\">Datenschutz<\/a><\/div><\/div>\n<\/div>\n\n<\/li><li class=\"wp-block-post post-9 post type-post status-publish format-standard has-post-thumbnail hentry category-allgemein\">\n\n<div class=\"wp-block-group is-layout-flow wp-container-core-group-is-layout-81d5c4b5 wp-block-group-is-layout-flow\"><h2 class=\"wp-block-post-title\"><a href=\"http:\/\/r25.herdsoft\/cms\/2025\/07\/relaunch\/\" target=\"_self\" >Relaunch<\/a><\/h2>\n\n\n<div class=\"wp-block-group is-nowrap is-layout-flex wp-container-core-group-is-layout-6c531013 wp-block-group-is-layout-flex\"><figure style=\"aspect-ratio:3\/2; padding-top:0;padding-bottom:0;padding-left:0;padding-right:0;margin-top:0;margin-bottom:0;\" class=\"wp-block-post-featured-image\"><a href=\"http:\/\/r25.herdsoft\/cms\/2025\/07\/relaunch\/\" target=\"_self\"  ><img loading=\"lazy\" decoding=\"async\" width=\"300\" height=\"202\" src=\"http:\/\/r25.herdsoft\/cms\/wp-content\/uploads\/2025\/07\/obsolete-300x202.jpg\" class=\"attachment-medium size-medium wp-post-image\" alt=\"Relaunch\" style=\"border-radius:0px;border-style:none;border-width:0px;width:100%;height:100%;object-fit:cover;\" srcset=\"http:\/\/r25.herdsoft\/cms\/wp-content\/uploads\/2025\/07\/obsolete-300x202.jpg 300w, http:\/\/r25.herdsoft\/cms\/wp-content\/uploads\/2025\/07\/obsolete.jpg 619w\" sizes=\"auto, (max-width: 300px) 100vw, 300px\" \/><\/a><\/figure>\n\n\n<p><\/p>\n\n\n<div class=\"wp-block-post-excerpt\"><p class=\"wp-block-post-excerpt__excerpt\">Es ist Zeit f\u00fcr einen komplette Neugestaltung meines Webauftritts. Urspr\u00fcnglich 1996 entwickelt und zuletzt 2004 komplett \u00fcberarbeitet, passte die Struktur nicht mehr zu dem, was seither geschah. Zeit, all die&hellip; <\/p><\/div><\/div>\n\n\n\n<div class=\"wp-block-group is-nowrap is-layout-flex wp-container-core-group-is-layout-6c531013 wp-block-group-is-layout-flex\"><div class=\"wp-block-post-date\"><time datetime=\"2025-07-23T11:58:08+02:00\">23.07.2025<\/time><\/div>\n\n<div style=\"font-style:normal;font-weight:300\" class=\"taxonomy-category has-link-color wp-elements-7e25d0198db94e2785ffafdb5bb852e8 wp-block-post-terms\"><a href=\"http:\/\/r25.herdsoft\/cms\/category\/allgemein\/\" rel=\"tag\">Allgemein<\/a><\/div><\/div>\n<\/div>\n\n<\/li><li class=\"wp-block-post post-965 post type-post status-publish format-standard has-post-thumbnail hentry category-allgemein\">\n\n<div class=\"wp-block-group is-layout-flow wp-container-core-group-is-layout-81d5c4b5 wp-block-group-is-layout-flow\"><h2 class=\"wp-block-post-title\"><a href=\"http:\/\/r25.herdsoft\/cms\/2004\/04\/softwarepatente\/\" target=\"_self\" >Einkommenseinbu\u00dfen eines Softwareentwicklers durch Softwarepatente<\/a><\/h2>\n\n\n<div class=\"wp-block-group is-nowrap is-layout-flex wp-container-core-group-is-layout-6c531013 wp-block-group-is-layout-flex\"><figure style=\"aspect-ratio:3\/2; padding-top:0;padding-bottom:0;padding-left:0;padding-right:0;margin-top:0;margin-bottom:0;\" class=\"wp-block-post-featured-image\"><a href=\"http:\/\/r25.herdsoft\/cms\/2004\/04\/softwarepatente\/\" target=\"_self\"  ><img loading=\"lazy\" decoding=\"async\" width=\"181\" height=\"120\" src=\"http:\/\/r25.herdsoft\/cms\/wp-content\/uploads\/2025\/08\/ssp-181-30.png\" class=\"attachment-medium size-medium wp-post-image\" alt=\"Einkommenseinbu\u00dfen eines Softwareentwicklers durch Softwarepatente\" style=\"border-radius:0px;border-style:none;border-width:0px;width:100%;height:100%;object-fit:cover;\" \/><\/a><\/figure>\n\n\n<p><\/p>\n\n\n<div class=\"wp-block-post-excerpt\"><p class=\"wp-block-post-excerpt__excerpt\">Einleitung Wer bin ich Ich bin seit 1992 freier Softwareentwickler und meine Arbeit besteht zu erheblichen Teilen in der Entwicklung von Softwarekomponenten, die andere Softwarefirmen bei mir in Auftrag geben,&hellip; <\/p><\/div><\/div>\n\n\n\n<div class=\"wp-block-group is-nowrap is-layout-flex wp-container-core-group-is-layout-6c531013 wp-block-group-is-layout-flex\"><div class=\"wp-block-post-date\"><time datetime=\"2004-04-12T16:30:00+02:00\">12.04.2004<\/time><\/div>\n\n<div style=\"font-style:normal;font-weight:300\" class=\"taxonomy-category has-link-color wp-elements-7e25d0198db94e2785ffafdb5bb852e8 wp-block-post-terms\"><a href=\"http:\/\/r25.herdsoft\/cms\/category\/allgemein\/\" rel=\"tag\">Allgemein<\/a><\/div><\/div>\n<\/div>\n\n<\/li><li class=\"wp-block-post post-973 post type-post status-publish format-standard has-post-thumbnail hentry category-allgemein\">\n\n<div class=\"wp-block-group is-layout-flow wp-container-core-group-is-layout-81d5c4b5 wp-block-group-is-layout-flow\"><h2 class=\"wp-block-post-title\"><a href=\"http:\/\/r25.herdsoft\/cms\/2004\/04\/losses-by-software-patents\/\" target=\"_self\" >Losses caused to me by Software Patents<\/a><\/h2>\n\n\n<div class=\"wp-block-group is-nowrap is-layout-flex wp-container-core-group-is-layout-6c531013 wp-block-group-is-layout-flex\"><figure style=\"aspect-ratio:3\/2; padding-top:0;padding-bottom:0;padding-left:0;padding-right:0;margin-top:0;margin-bottom:0;\" class=\"wp-block-post-featured-image\"><a href=\"http:\/\/r25.herdsoft\/cms\/2004\/04\/losses-by-software-patents\/\" target=\"_self\"  ><img loading=\"lazy\" decoding=\"async\" width=\"181\" height=\"120\" src=\"http:\/\/r25.herdsoft\/cms\/wp-content\/uploads\/2025\/08\/ssp-181-30.png\" class=\"attachment-medium size-medium wp-post-image\" alt=\"Losses caused to me by Software Patents\" style=\"border-radius:0px;border-style:none;border-width:0px;width:100%;height:100%;object-fit:cover;\" \/><\/a><\/figure>\n\n\n<p><\/p>\n\n\n<div class=\"wp-block-post-excerpt\"><p class=\"wp-block-post-excerpt__excerpt\">Introduction Who am I? I am a free software developer since 1992 and large parts of my work consist of software development of small components ordered by other software development&hellip; <\/p><\/div><\/div>\n\n\n\n<div class=\"wp-block-group is-nowrap is-layout-flex wp-container-core-group-is-layout-6c531013 wp-block-group-is-layout-flex\"><div class=\"wp-block-post-date\"><time datetime=\"2004-04-12T10:23:00+02:00\">12.04.2004<\/time><\/div>\n\n<div style=\"font-style:normal;font-weight:300\" class=\"taxonomy-category has-link-color wp-elements-7e25d0198db94e2785ffafdb5bb852e8 wp-block-post-terms\"><a href=\"http:\/\/r25.herdsoft\/cms\/category\/allgemein\/\" rel=\"tag\">Allgemein<\/a><\/div><\/div>\n<\/div>\n\n<\/li><\/ul>\n\n<\/div>\n<\/div>\n<\/div>\n\n\n\n<div style=\"height:var(--wp--preset--spacing--30)\" aria-hidden=\"true\" class=\"wp-block-spacer\"><\/div>\n<\/div>\n","protected":false},"excerpt":{"rendered":"","protected":false},"author":1,"featured_media":922,"parent":0,"menu_order":0,"comment_status":"closed","ping_status":"closed","template":"","meta":{"footnotes":""},"class_list":["post-72","page","type-page","status-publish","has-post-thumbnail","hentry"],"_links":{"self":[{"href":"http:\/\/r25.herdsoft\/cms\/wp-json\/wp\/v2\/pages\/72","targetHints":{"allow":["GET"]}}],"collection":[{"href":"http:\/\/r25.herdsoft\/cms\/wp-json\/wp\/v2\/pages"}],"about":[{"href":"http:\/\/r25.herdsoft\/cms\/wp-json\/wp\/v2\/types\/page"}],"author":[{"embeddable":true,"href":"http:\/\/r25.herdsoft\/cms\/wp-json\/wp\/v2\/users\/1"}],"replies":[{"embeddable":true,"href":"http:\/\/r25.herdsoft\/cms\/wp-json\/wp\/v2\/comments?post=72"}],"version-history":[{"count":14,"href":"http:\/\/r25.herdsoft\/cms\/wp-json\/wp\/v2\/pages\/72\/revisions"}],"predecessor-version":[{"id":921,"href":"http:\/\/r25.herdsoft\/cms\/wp-json\/wp\/v2\/pages\/72\/revisions\/921"}],"wp:featuredmedia":[{"embeddable":true,"href":"http:\/\/r25.herdsoft\/cms\/wp-json\/wp\/v2\/media\/922"}],"wp:attachment":[{"href":"http:\/\/r25.herdsoft\/cms\/wp-json\/wp\/v2\/media?parent=72"}],"curies":[{"name":"wp","href":"https:\/\/api.w.org\/{rel}","templated":true}]}}