{"id":401,"date":"2025-07-24T15:25:12","date_gmt":"2025-07-24T13:25:12","guid":{"rendered":"http:\/\/r25.herdsoft\/cms\/?page_id=401"},"modified":"2025-08-08T17:16:06","modified_gmt":"2025-08-08T15:16:06","slug":"aeltere-projekte","status":"publish","type":"page","link":"http:\/\/r25.herdsoft\/cms\/aeltere-projekte\/","title":{"rendered":"\u00c4ltere Projekte"},"content":{"rendered":"\n<div class=\"wp-block-group alignwide has-global-padding is-layout-constrained wp-container-core-group-is-layout-d30ff707 wp-block-group-is-layout-constrained\">\n<p>Hier einige Projekte, die ich in der etwas zur\u00fcckliegenden Vergangenheit gemacht habe.<\/p>\n\n\n\n<figure class=\"wp-block-table\"><table class=\"has-fixed-layout\"><thead><tr><td><strong>Jahr<\/strong><\/td><td><strong>Plattform<\/strong><\/td><td><strong>Projektbeschreibung<\/strong><\/td><\/tr><\/thead><tbody><tr><td>2009<\/td><td>Cypress 68013A<\/td><td><img loading=\"lazy\" decoding=\"async\" src=\"https:\/\/www.herdsoft.com\/katalog\/stanze2.jpg\" width=\"554\" height=\"319\"> Entwicklung einer Schrittmotorsteuerung zur Anpassung von bereits vorhandenen Schrittmotorsignalen zur Synchronisation auf ein zus\u00e4tzliches Signal von einem Lichtschrankensensor. Dazu wird ein neues Schrittmotorsignal so synthetisiert, dass das neue Signal um einzelne Schritte beschleunigt oder verz\u00f6gert wird, so dass eine Stanze synchron zum vorgedruckten Material stanzt. Die Hardware basiert auf einem USB Interface 2.7 von <a href=\"http:\/\/www.braintechnology.de\/\">Braintechnology<\/a> und einer kleinen Zusatzplatine zur Spannungsanpassung. Die Firmware wird vom PC beim Start des GUI in den Cypress 68013A auf dem Braintechnology Interface Board geladen, wenn die Software mit der Bedieneroberfl\u00e4che gestartet wird. Wenn auf dem PC keine Software gestartet wird, l\u00e4uft eine Firmware aus dem EEPROM, die die Signale ohne Verarbeitung 1:1 durchschleift.<\/td><\/tr><tr><td>2009<\/td><td>Cypress 68013A \/ Xilinx FPGA \/ <a href=\"http:\/\/www.wxwidgets.org\/\">wxWidgets<\/a><\/td><td>Entwicklung von Hardware, Firmware, Windows\/Linux-Treibern und PC-Seitiger Maschinensteuerungssoftware f\u00fcr Cypress 68013A und einen Xilinx FPGA zur Ansteuerung eines Boards von <a href=\"http:\/\/www.auttec.net\">AUTTEC Schaltanlagen GmbH<\/a> zum Drucken mit modernen <a href=\"https:\/\/www.herdsoft.com\/catalog\/mprinti.html\">Kyocera KJ4A<\/a> Druckk\u00f6pfen, Vertrieb ausschlie\u00dflich \u00fcber <a href=\"http:\/\/www.mprint.biz\">MPrint GmbH, Baiersbronn<\/a>. Entwicklung der PC-Software in Kooperation mit <a href=\"http:\/\/www.psitronic.de\">Psitronic IT Solutions<\/a><\/td><\/tr><tr><td>2009<\/td><td>Linux<\/td><td>Entwicklung eines Open-Source Linux-Ger\u00e4tetreibers f\u00fcr das Digitalmultimeter <a href=\"http:\/\/www.mikrocontroller.net\/topic\/98208\">Peaktech 3315.<\/a><\/td><\/tr><tr><td>2009<\/td><td>Windows 64-Bit, Linux, Solaris, MacOS X, Windows CE<\/td><td>Erweiterung unserer <a href=\"https:\/\/www.herdsoft.com\/katalog\/davinci.html\">DaVinci Grafikbibliothek<\/a> f\u00fcr neue Platformen. <a href=\"https:\/\/www.herdsoft.com\/ti\/davinci4\/examples\/barcodecgi.cgi\">Strichcode-Erkennung als Webanwendung.<\/a><\/td><\/tr><tr><td>2008<\/td><td>Cypress 68013A<\/td><td>Im Auftrag von <a href=\"http:\/\/www.mprint.biz\">MPrint GmbH, Baiersbronn<\/a> Ger\u00e4tetreiber entwickelt, die einen h\u00f6heren Datendurchsatz erlauben als die bisher eingesetzte usb2.dll von <a href=\"http:\/\/www.braintechnology.de\">Braintechnology<\/a>.<\/td><\/tr><tr><td>2008<\/td><td>Linux \/ Firebird SQL<\/td><td>Entwicklung einer Business-To-Business L\u00f6sung f\u00fcr die Digitest GmbH.<\/td><\/tr><tr><td>2007-2009<\/td><td>Windows, Linux, MacOS X \/ <a href=\"http:\/\/www.wxwidgets.org\/\">wxWidgets<\/a><\/td><td>Entwicklung des <a href=\"http:\/\/www.hoellstern.com\/\">Hoellstern Konfigurator1<\/a> im Auftrag der ASID GmbH, die Benutzeroberfl\u00e4che f\u00fcr die Konfiguration der Hoellstern Delta PA-Verst\u00e4rker.<\/td><\/tr><tr><td>2008<\/td><td>Windows, AIX, Linux<\/td><td>Entwicklung einer Software im Auftrag von <a href=\"http:\/\/www.systemhaus-emsdetten.de\/\">Systemhaus Emsdetten<\/a> zum Zeichnen von Text in bestehende JPEG-Dateien, bei der die nicht ver\u00e4nderten Anteile der Grafik ohne jeden Qualit\u00e4tsverlust \u00fcbernommen werden.<\/td><\/tr><tr><td>2007-2008<\/td><td>Windows Mobile, BlackBerry OS, J2ME<\/td><td>Entwicklung der Client\/Server L\u00f6sung Arktos Mobile im Auftrag von <a href=\"http:\/\/www.arktosmedia.de\/\">Arktos Media GmbH<\/a> zur Suche im deutschen Telefonbuch auf den meisten modernen Mobilfunktelefonen in Zusammenarbeit mit <a href=\"http:\/\/www.psitronic.de\">Psitronic IT Solutions<\/a>. Incl. Einrichtung des Shopsystems.<\/td><\/tr><tr><td>2007<\/td><td>Windows CE<\/td><td>Im Autrag von Arktos Media GmbH die Datenbank f\u00fcr &#8222;DasTelefonbuch. Deutschland&#8220; auf Windows CE-Ger\u00e4ten, wie PNAs ausf\u00fchrbar gemacht und ein Beispielprogramm entwickelt.<\/td><\/tr><tr><td>2006-<\/td><td>Windows \/ Delphi<\/td><td>Pflege der Maschinensteuerungssoftware f\u00fcr LP2000 Thermotransfer Druckmaschinen von <a href=\"http:\/\/www.mprint.de\/\">MPrint Morlock GmbH, Baiersbronn<\/a>. Erweiterung unter Anderem um: Windows Druckertreiber. Berechnung von \u00dcberdruckungen. Protokollierung des Materialverbrauchs nach Auftr\u00e4gen. Zusammenstellen von Stapelauftr\u00e4gen aus EPS-Dateien.<\/td><\/tr><tr><td>2006<\/td><td>Windows<\/td><td><img loading=\"lazy\" decoding=\"async\" src=\"https:\/\/www.herdsoft.com\/katalog\/blackrotate.jpg\" width=\"640\" height=\"480\"> Im Auftrag von <a href=\"http:\/\/www.systemhaus-emsdetten.de\/\">Systemhaus Emsdetten<\/a> eine Software zum Erkennen des Randes bei Scans auf schwarzem Hintergrund entwickelt, die die Bilder geradedreht und den schwarzen Rand entfernt.<\/td><\/tr><tr><td>2005<\/td><td>Symbian OS, Windows Mobile<\/td><td>Im Autrag von Arktos<a href=\"http:\/\/www.arktosmedia.de\/\"> <\/a>Media GmbH in Kooperation mit <a href=\"http:\/\/www.psitronic.de\">Psitronic IT Solutions<\/a> die Datenbank des \u00d6sterreichischen Telefonbuchs <a href=\"http:\/\/www.herold.at\/\">Herold<\/a> auf Symbian 8, 9 und Windows Mobile-Ger\u00e4ten benutzbar gemacht und jeweils Beispielprogramme entwickelt.<\/td><\/tr><tr><td>2005<\/td><td>Windows, Linux, Solaris<\/td><td>Entwicklung der Intranet-Version von &#8222;Das Telefonbuch f\u00fcr Deutschland&#8220; im Autrag von <a href=\"http:\/\/www.arktosmedia.de\/\">Arktos Media GmbH<\/a> als Dienst bzw. Daemon.<\/td><\/tr><tr><td>2005<\/td><td>Linux \/ JAVA \/ TomCat<\/td><td>Entwickung einer Business-To-Business L\u00f6sung basierend auf Java, TomCat und dem SOAP-Protokoll im Auftrag der <a href=\"http:\/\/www.psb-itservice.de\/\">PSB It Service<\/a> GmbH.<\/td><\/tr><tr><td>2003<\/td><td>Netware \/ C++<\/td><td>Entwicklung der gcc compiler-Distribution <a href=\"https:\/\/www.herdsoft.com\/ftp\/downloads.html#cross_nlm\">cross-nlm<\/a> zur einfachen cross-compilierung von C++ sourcecodes f\u00fcr Novell NetWare mit einen gcc (<strong>G<\/strong>NU <strong>C<\/strong>ompiler <strong>C<\/strong>ollection) compiler von Linux oder Windows nach NetWare.<\/td><\/tr><tr><td>2003<\/td><td>Linux \/ Java \/ PHP<\/td><td>Im Auftrag der <a href=\"http:\/\/www.prolog.org\/\">Prolog GmbH, Lampertheim<\/a> die Prologistik-Software als Business-To-Business-Anwendung entwickelt, mit der die Auslieferung von millionen von numerierten Flugticket-Rohlingen der IATA an die deutschen Reiseb\u00fcros verwaltet wurde. Das System wurde 2008 au\u00dfer Betrieb genommen, weil Flugtickets heute beleglos verwaltet werden.<\/td><\/tr><tr><td>2002<\/td><td>Windows, Linux, MacOS X \/ <a href=\"http:\/\/www.wxwidgets.org\">wxWidgets<\/a><\/td><td>Eine erste umfangreiche GUI-Anwendung auf der Basis von <a href=\"http:\/\/www.wxwidgets.org\">wxWidgets<\/a> entwickelt. Mit Cross-Compilierung bis zum automatischen Brennen der CD. Seither haben einige Kunden das Konzept \u00fcbernommen.<\/td><\/tr><tr><td>2001<\/td><td>Linux, Mac OS X<\/td><td>Im Autrag von <a href=\"http:\/\/www.arktosmedia.de\/\">Arktos Media GmbH<\/a> bei der Portierung der Routenplanungssoftware f\u00fcr &#8222;DasTelefonbuch Map &amp; Route&#8220; f\u00fcr Linux wesentlich unterst\u00fctztend mitgewirkt und anschlie\u00dfend f\u00fcr MacOS X (PowerPC) portiert.<\/td><\/tr><tr><td>1999-2005<\/td><td>Windows, Linux<\/td><td>Entwicklung der MapsAPI.dll mit der <a href=\"http:\/\/www.ttqv.com\/\">Touratech QV<\/a> auf verschiedene Kartendaten, unter anderem auf top50-CDs der Landesvermessungs\u00e4mter zugreift.<br>Dazu wurde das undokumentierte Dateiformat der top50 CDs analysiert und eine Bibliothek entwickelt, die einen schnellen und effizienten Zugriff erlaubt.<\/td><\/tr><tr><td>1999<\/td><td>Linux \/ GTK<\/td><td>Im Autrag von <a href=\"http:\/\/www.arktosmedia.de\/\">Arktos Media GmbH<\/a> eine erste Version von &#8222;DasTelefonbuch. Deutschland&#8220; f\u00fcr Linux, damals auf der Basis von <a href=\"http:\/\/www.gtk.org\/\">GTK<\/a> 1.2 entwickelt.<\/td><\/tr><tr><td>1998<\/td><td>Windows \/ C<\/td><td>Federf\u00fchrend bei der Projektentwicklung des DAEDALUS Multimediawerkzeuges zum Projekt &#8222;Lire l&#8216; Ethics&#8220; von Phronesis basierend auf der Microsoft Media View Library.<\/td><\/tr><tr><td>1998<\/td><td>Windows \/ C++<\/td><td>Federf\u00fchrend bei der Projektentwicklung PC-Scan.<\/td><\/tr><tr><td>1997<\/td><td>Macintosh \/ C++<\/td><td>Unterst\u00fctzung bei Projektentwicklung PHS-MacSafe.<\/td><\/tr><tr><td>1997<\/td><td>WIN32 \/ C++<\/td><td>Entwicklung der <em>HSFAX<\/em> Netzwerk-Faxtechnologie als Windows NT Dienst.<\/td><\/tr><tr><td>1996<\/td><td>Windows \/ C<\/td><td>Entwicklung der Hilfetext-Erweiterung <strong>ThinHelp.<\/strong><\/td><\/tr><tr><td>1995-1996<\/td><td>Windows \/ C<\/td><td>Entwicklung des Hilfetext-Konverters <a href=\"\/cms\/katalog\/help-to-rtf\/\" data-type=\"page\" data-id=\"334\">Help to RTF<\/a>.<\/td><\/tr><tr><td>1995<\/td><td>Z80\/Assembler<\/td><td>Programmpflege von Microcodes von GUWA 1677 Twinax-Bildschirmen.<\/td><\/tr><tr><td>1995<\/td><td>PIC \/ Assembler<\/td><td>Federf\u00fchrend bei der Projektentwicklung DRI-W Keilriemen\u00fcberwachungsrelais in Hardware und Software f\u00fcr <a href=\"http:\/\/www.auttec.net\/\">AUTTEC Schaltanlagen, Lorsch<\/a>.<\/td><\/tr><tr><td>1994<\/td><td>Windows 3.1 \/ C++<\/td><td>Entwicklung von SH-Strichcode (Vermarktung durch Schenk &amp; Horn Software).<\/td><\/tr><tr><td>1992-1995<\/td><td>Windows 3.1 \/ C<\/td><td>Entwicklung der kaufm\u00e4nnischen Komplettl\u00f6sung Logis gemeinsam mit Ingenieurb\u00fcro Harald Nuding.<\/td><\/tr><tr><td>1992-1998<\/td><td>AS\/400 \/ Cobol<\/td><td>Federf\u00fchrend bei der Entwicklung und Pflege von Software zur Fakturierung, Lagerverwaltung und Auftragsbearbeitung f\u00fcr die damalige <a href=\"http:\/\/www.csw-idstein.de\">CS&amp;W Computer Service &amp; Wartung GmbH<\/a> auf der AS\/400. Heute <a href=\"http:\/\/www.psb-itservice.de\/\">PSB It Service<\/a>. Software wurde 2007 abgel\u00f6st.<\/td><\/tr><tr><td>1991<\/td><td>Z80 \/ Assembler + DOS \/ C<\/td><td>Entwicklung von Kompressionstechnologien f\u00fcr HP Laserdrucker Softfonts zum Einsatz in AS\/400 Twinax Interfacen f\u00fcr Systron GmbH, Eggenstein &#8211; Leopoldshafen.<\/td><\/tr><tr><td>1986-1991<\/td><td>AS\/400 \/ Cobol<\/td><td>Federf\u00fchrend bei der Entwicklung und Pflege von Software zur Fakturierung, Lagerverwaltung und Auftragsbearbeitung f\u00fcr die damalige, <a href=\"http:\/\/www.synstar.de\">Granada Computer Services GmbH, Darmstadt<\/a>, heute <a href=\"http:\/\/www.hpcds.com\/de\/\">Hewlett-Packard CDS<\/a>, auf der AS\/400. Teile der Software werden 2009 noch immer eingesetzt.<\/td><\/tr><tr><td>1984-1986<\/td><td>Z80\/Assembler<\/td><td>Entwicklung eines Fortran IV-Compilers und Editors f\u00fcr diverse Z80-Rechner, Vermarktung durch die Zeitschrift c&#8217;t<\/td><\/tr><tr><td>1984<\/td><td>Z80\/Assembler<\/td><td>Erste Ver\u00f6ffentlichung eines Fachzeitschriftenartkels in c&#8217;t, eine Portierung des SuperTape-Verfahrens auf den Schneider CPC 464.<\/td><\/tr><\/tbody><\/table><\/figure>\n<\/div>\n","protected":false},"excerpt":{"rendered":"<p>Hier einige Projekte, die ich in der etwas zur\u00fcckliegenden Vergangenheit gemacht habe. Jahr Plattform Projektbeschreibung 2009 Cypress 68013A Entwicklung einer Schrittmotorsteuerung zur Anpassung von bereits vorhandenen Schrittmotorsignalen zur Synchronisation auf ein zus\u00e4tzliches Signal von einem Lichtschrankensensor. Dazu wird ein neues Schrittmotorsignal so synthetisiert, dass das neue Signal um einzelne Schritte beschleunigt oder verz\u00f6gert wird, so [&hellip;]<\/p>\n","protected":false},"author":1,"featured_media":109,"parent":0,"menu_order":0,"comment_status":"closed","ping_status":"closed","template":"","meta":{"footnotes":""},"class_list":["post-401","page","type-page","status-publish","has-post-thumbnail","hentry"],"_links":{"self":[{"href":"http:\/\/r25.herdsoft\/cms\/wp-json\/wp\/v2\/pages\/401","targetHints":{"allow":["GET"]}}],"collection":[{"href":"http:\/\/r25.herdsoft\/cms\/wp-json\/wp\/v2\/pages"}],"about":[{"href":"http:\/\/r25.herdsoft\/cms\/wp-json\/wp\/v2\/types\/page"}],"author":[{"embeddable":true,"href":"http:\/\/r25.herdsoft\/cms\/wp-json\/wp\/v2\/users\/1"}],"replies":[{"embeddable":true,"href":"http:\/\/r25.herdsoft\/cms\/wp-json\/wp\/v2\/comments?post=401"}],"version-history":[{"count":28,"href":"http:\/\/r25.herdsoft\/cms\/wp-json\/wp\/v2\/pages\/401\/revisions"}],"predecessor-version":[{"id":1007,"href":"http:\/\/r25.herdsoft\/cms\/wp-json\/wp\/v2\/pages\/401\/revisions\/1007"}],"wp:featuredmedia":[{"embeddable":true,"href":"http:\/\/r25.herdsoft\/cms\/wp-json\/wp\/v2\/media\/109"}],"wp:attachment":[{"href":"http:\/\/r25.herdsoft\/cms\/wp-json\/wp\/v2\/media?parent=401"}],"curies":[{"name":"wp","href":"https:\/\/api.w.org\/{rel}","templated":true}]}}