{"id":368,"date":"2025-07-24T10:35:16","date_gmt":"2025-07-24T08:35:16","guid":{"rendered":"http:\/\/r25.herdsoft\/cms\/?page_id=368"},"modified":"2025-08-06T16:34:55","modified_gmt":"2025-08-06T14:34:55","slug":"barvision","status":"publish","type":"page","link":"http:\/\/r25.herdsoft\/cms\/katalog\/barvision\/","title":{"rendered":"BarVision"},"content":{"rendered":"\n<p>Bibliothek zum Drucken von Strichcodes<\/p>\n\n\n\n<p><em>BarVision<\/em> ist eine Bibliothek f\u00fcr Microsoft Windows (3.1 bis Windows 11) zur Ausgabe von <a href=\"\/ti\/barvis\/Online_Beispielprogramm.html\">Strichcodes<\/a> in verschiedenen Formaten. <em>BarVision<\/em> geht dabei von dem Ansatz aus, den Strichcode als Grafik mit dem Windows GDI oder als Postscipt-Datei aufzubereiten und als Grafik auf dem Drucker auszugeben (oder zum sp\u00e4teren Ausdruck in einer Datei zu speichern).<\/p>\n\n\n\n<p>Die Ausgabe des Strichcodes kann entweder in einen von der Applikation \u00fcbergebenen Device-Kontext (&#8222;HDC&#8220;) erfolgen, oder in einen MetaFile, eine Bitmap, EPS-Datei oder in die Zwischenablage.<\/p>\n\n\n\n<p><em>BarVision<\/em> steht f\u00fcr Windows als DLL (16 und 32-Bit) und als ActiveX (32-Bit) zur Verf\u00fcgung und somit auch dem Anwender von Makro-Sprachen, wie Microsoft Word oder Visual Basic zur Verf\u00fcgung. Beispielmakros f\u00fcr Microsoft Word sind im Lieferumfang.<\/p>\n\n\n\n<p>F\u00fcr Linux steht <em>BarVision<\/em> als statisch bindbare LIB-Datei zur Verf\u00fcgung.<\/p>\n\n\n\n<p>Die Verwendung von <em>BarVision<\/em> im Anwendungsprogramm ist einfach. In der Regel ben\u00f6tigen Sie lediglich einen Funktionsaufruf. Spezielle Funktionen dienen der Kontrolle von Pr\u00fcfsummen, der Bestimmung eines geeigneten Codes und der Umrechnung zwischen EAN und ISBN. Beispielprogramme werden in C und <em>Visual Basic<\/em> mitgeliefert.<\/p>\n\n\n\n<h2 class=\"wp-block-heading\">Online-Beispiel<\/h2>\n\n\n\n<p><a href=\"\/ti\/barvis\/Online_Beispielprogramm.html\">Online<\/a> k\u00f6nnen Sie einen kleinen Einblick in den Funktionsumfang des Paketes werfen, indem Sie einen <a href=\"\/ti\/barvis\/Online_Beispielprogramm.html\">Barcode erzeugen lassen<\/a>. Allerdings sind hier nur beschr\u00e4nkte M\u00f6glichkeiten gegeben.<\/p>\n\n\n\n<h2 class=\"wp-block-heading\">Echtzeit-Leistung<\/h2>\n\n\n\n<p>BarVision wurde erfolgreich in Multi-Threading Umgebungen mit hohem Datendurchsatz und Echtzeit-Anforderungen f\u00fcr die Druckindustrie eingesetzt.<\/p>\n\n\n\n<h2 class=\"wp-block-heading\">Entwicklerlizenz<\/h2>\n\n\n\n<p>Das Besondere an <em>BarVision<\/em> ist f\u00fcr den Anwendungsentwickler insbesondere das Recht zur Weitergabe der DLLs und des ActiveX mit der erstellten Anwendung.<\/p>\n\n\n\n<h2 class=\"wp-block-heading\">Shareware-Testfassungen<\/h2>\n\n\n\n<figure class=\"wp-block-table\"><table class=\"has-fixed-layout\"><tbody><tr><td><strong>Archive name:<\/strong><\/td><td>barvis.zip<\/td><\/tr><tr><td><strong>Download (860Kb):<\/strong><\/td><td><a href=\"https:\/\/www.herdsoft.com\/ftp\/downloads.html#barvis\">https:\/\/www.herdsoft.com\/ftp\/downloads.html#barvis<\/a><\/td><\/tr><tr><td><strong>Preis:<\/strong><\/td><td>149 EURO (16 oder 32 Bit)<\/td><\/tr><\/tbody><\/table><\/figure>\n\n\n\n<h2 class=\"wp-block-heading\">Siehe Auch:<\/h2>\n\n\n\n<ul class=\"wp-block-list\">\n<li><a href=\"\/ti\/barvis\/index.html\">BarVision Dokumentation Online<\/a><\/li>\n\n\n\n<li><a href=\"\/ti\/barvis\/cgibar\/index.html\">CgiBar Online-Beispiel-Programm<\/a><\/li>\n<\/ul>\n","protected":false},"excerpt":{"rendered":"<p>Bibliothek zum Drucken von Strichcodes BarVision ist eine Bibliothek f\u00fcr Microsoft Windows (3.1 bis Windows 11) zur Ausgabe von Strichcodes in verschiedenen Formaten. BarVision geht dabei von dem Ansatz aus, den Strichcode als Grafik mit dem Windows GDI oder als Postscipt-Datei aufzubereiten und als Grafik auf dem Drucker auszugeben (oder zum sp\u00e4teren Ausdruck in einer [&hellip;]<\/p>\n","protected":false},"author":1,"featured_media":374,"parent":325,"menu_order":0,"comment_status":"closed","ping_status":"closed","template":"","meta":{"footnotes":""},"class_list":["post-368","page","type-page","status-publish","has-post-thumbnail","hentry"],"_links":{"self":[{"href":"http:\/\/r25.herdsoft\/cms\/wp-json\/wp\/v2\/pages\/368","targetHints":{"allow":["GET"]}}],"collection":[{"href":"http:\/\/r25.herdsoft\/cms\/wp-json\/wp\/v2\/pages"}],"about":[{"href":"http:\/\/r25.herdsoft\/cms\/wp-json\/wp\/v2\/types\/page"}],"author":[{"embeddable":true,"href":"http:\/\/r25.herdsoft\/cms\/wp-json\/wp\/v2\/users\/1"}],"replies":[{"embeddable":true,"href":"http:\/\/r25.herdsoft\/cms\/wp-json\/wp\/v2\/comments?post=368"}],"version-history":[{"count":12,"href":"http:\/\/r25.herdsoft\/cms\/wp-json\/wp\/v2\/pages\/368\/revisions"}],"predecessor-version":[{"id":996,"href":"http:\/\/r25.herdsoft\/cms\/wp-json\/wp\/v2\/pages\/368\/revisions\/996"}],"up":[{"embeddable":true,"href":"http:\/\/r25.herdsoft\/cms\/wp-json\/wp\/v2\/pages\/325"}],"wp:featuredmedia":[{"embeddable":true,"href":"http:\/\/r25.herdsoft\/cms\/wp-json\/wp\/v2\/media\/374"}],"wp:attachment":[{"href":"http:\/\/r25.herdsoft\/cms\/wp-json\/wp\/v2\/media?parent=368"}],"curies":[{"name":"wp","href":"https:\/\/api.w.org\/{rel}","templated":true}]}}