{"id":325,"date":"2025-07-24T09:46:49","date_gmt":"2025-07-24T07:46:49","guid":{"rendered":"http:\/\/r25.herdsoft\/cms\/?page_id=325"},"modified":"2025-07-24T10:37:01","modified_gmt":"2025-07-24T08:37:01","slug":"katalog","status":"publish","type":"page","link":"http:\/\/r25.herdsoft\/cms\/katalog\/","title":{"rendered":"Software-Katalog"},"content":{"rendered":"\n<p>Folgende von mir entwickelte Software k\u00f6nnen Sie als fertige Produkte kaufen:<\/p>\n\n\n\n<h2 class=\"wp-block-heading\">Anwendungsprogramme<\/h2>\n\n\n\n<div class=\"wp-block-columns is-layout-flex wp-container-core-columns-is-layout-28f84493 wp-block-columns-is-layout-flex\">\n<div class=\"wp-block-column is-layout-flow wp-block-column-is-layout-flow\" style=\"flex-basis:33%\">\n<figure class=\"wp-block-image size-full is-resized\"><a href=\"http:\/\/r25.herdsoft\/cms\/katalog\/help-to-rtf\/\"><img loading=\"lazy\" decoding=\"async\" width=\"522\" height=\"316\" src=\"http:\/\/r25.herdsoft\/cms\/wp-content\/uploads\/2025\/07\/hlp2rtf-2-1.png\" alt=\"Bildschirmfoto Help to RTF\" class=\"wp-image-345\" style=\"width:200px\" srcset=\"http:\/\/r25.herdsoft\/cms\/wp-content\/uploads\/2025\/07\/hlp2rtf-2-1.png 522w, http:\/\/r25.herdsoft\/cms\/wp-content\/uploads\/2025\/07\/hlp2rtf-2-1-300x182.png 300w\" sizes=\"auto, (max-width: 522px) 100vw, 522px\" \/><\/a><figcaption class=\"wp-element-caption\"><a href=\"http:\/\/r25.herdsoft\/cms\/katalog\/help-to-rtf\/\" data-type=\"page\" data-id=\"334\">Help to RTF<\/a><\/figcaption><\/figure>\n<\/div>\n\n\n\n<div class=\"wp-block-column is-layout-flow wp-block-column-is-layout-flow\" style=\"flex-basis:66%\">\n<p><a href=\"http:\/\/r25.herdsoft\/cms\/katalog\/help-to-rtf\/\" data-type=\"page\" data-id=\"334\">Konvertiert Windows Hilfedateien in druckbare Handb\u00fccher<\/a><\/p>\n<\/div>\n<\/div>\n\n\n\n<h2 class=\"wp-block-heading\">Programmierbibliotheken<\/h2>\n\n\n\n<div class=\"wp-block-columns is-layout-flex wp-container-core-columns-is-layout-28f84493 wp-block-columns-is-layout-flex\">\n<div class=\"wp-block-column is-layout-flow wp-block-column-is-layout-flow\" style=\"flex-basis:33.33%\">\n<figure class=\"wp-block-image size-full\"><a href=\"http:\/\/r25.herdsoft\/cms\/katalog\/davinci\/\"><img loading=\"lazy\" decoding=\"async\" width=\"400\" height=\"125\" src=\"http:\/\/r25.herdsoft\/cms\/wp-content\/uploads\/2025\/07\/davinci4-illu.jpg\" alt=\"Davinci Illustration\" class=\"wp-image-359\" srcset=\"http:\/\/r25.herdsoft\/cms\/wp-content\/uploads\/2025\/07\/davinci4-illu.jpg 400w, http:\/\/r25.herdsoft\/cms\/wp-content\/uploads\/2025\/07\/davinci4-illu-300x94.jpg 300w\" sizes=\"auto, (max-width: 400px) 100vw, 400px\" \/><\/a><figcaption class=\"wp-element-caption\"><a href=\"http:\/\/r25.herdsoft\/cms\/katalog\/davinci\/\" data-type=\"page\" data-id=\"357\">Davinci Grafikbibliothek<\/a><\/figcaption><\/figure>\n<\/div>\n\n\n\n<div class=\"wp-block-column is-layout-flow wp-block-column-is-layout-flow\" style=\"flex-basis:66.66%\">\n<p><a href=\"http:\/\/r25.herdsoft\/cms\/katalog\/davinci\/\" data-type=\"page\" data-id=\"357\">Grafikfunktionen f\u00fcr Import\/Export und Bearbeitung<\/a><\/p>\n<\/div>\n<\/div>\n\n\n\n<div class=\"wp-block-columns is-layout-flex wp-container-core-columns-is-layout-28f84493 wp-block-columns-is-layout-flex\">\n<div class=\"wp-block-column is-layout-flow wp-block-column-is-layout-flow\" style=\"flex-basis:33.33%\">\n<figure class=\"wp-block-image size-full\"><a href=\"http:\/\/r25.herdsoft\/cms\/katalog\/barvision\/\"><img loading=\"lazy\" decoding=\"async\" width=\"783\" height=\"489\" src=\"http:\/\/r25.herdsoft\/cms\/wp-content\/uploads\/2025\/07\/barvision.png\" alt=\"BerVision Illustration\" class=\"wp-image-374\" srcset=\"http:\/\/r25.herdsoft\/cms\/wp-content\/uploads\/2025\/07\/barvision.png 783w, http:\/\/r25.herdsoft\/cms\/wp-content\/uploads\/2025\/07\/barvision-300x187.png 300w, http:\/\/r25.herdsoft\/cms\/wp-content\/uploads\/2025\/07\/barvision-768x480.png 768w\" sizes=\"auto, (max-width: 783px) 100vw, 783px\" \/><\/a><figcaption class=\"wp-element-caption\"><a href=\"http:\/\/r25.herdsoft\/cms\/katalog\/barvision\/\" data-type=\"page\" data-id=\"368\">BarVision<\/a><\/figcaption><\/figure>\n<\/div>\n\n\n\n<div class=\"wp-block-column is-layout-flow wp-block-column-is-layout-flow\" style=\"flex-basis:66.66%\">\n<p><a href=\"http:\/\/r25.herdsoft\/cms\/katalog\/barvision\/\" data-type=\"page\" data-id=\"368\">Strichcodes in Windows Anwendungsprogrammen als DLL oder ActiveX<\/a><\/p>\n<\/div>\n<\/div>\n","protected":false},"excerpt":{"rendered":"<p>Folgende von mir entwickelte Software k\u00f6nnen Sie als fertige Produkte kaufen: Anwendungsprogramme Konvertiert Windows Hilfedateien in druckbare Handb\u00fccher Programmierbibliotheken Grafikfunktionen f\u00fcr Import\/Export und Bearbeitung Strichcodes in Windows Anwendungsprogrammen als DLL oder ActiveX<\/p>\n","protected":false},"author":1,"featured_media":333,"parent":0,"menu_order":0,"comment_status":"closed","ping_status":"closed","template":"","meta":{"footnotes":""},"class_list":["post-325","page","type-page","status-publish","has-post-thumbnail","hentry"],"_links":{"self":[{"href":"http:\/\/r25.herdsoft\/cms\/wp-json\/wp\/v2\/pages\/325","targetHints":{"allow":["GET"]}}],"collection":[{"href":"http:\/\/r25.herdsoft\/cms\/wp-json\/wp\/v2\/pages"}],"about":[{"href":"http:\/\/r25.herdsoft\/cms\/wp-json\/wp\/v2\/types\/page"}],"author":[{"embeddable":true,"href":"http:\/\/r25.herdsoft\/cms\/wp-json\/wp\/v2\/users\/1"}],"replies":[{"embeddable":true,"href":"http:\/\/r25.herdsoft\/cms\/wp-json\/wp\/v2\/comments?post=325"}],"version-history":[{"count":10,"href":"http:\/\/r25.herdsoft\/cms\/wp-json\/wp\/v2\/pages\/325\/revisions"}],"predecessor-version":[{"id":376,"href":"http:\/\/r25.herdsoft\/cms\/wp-json\/wp\/v2\/pages\/325\/revisions\/376"}],"wp:featuredmedia":[{"embeddable":true,"href":"http:\/\/r25.herdsoft\/cms\/wp-json\/wp\/v2\/media\/333"}],"wp:attachment":[{"href":"http:\/\/r25.herdsoft\/cms\/wp-json\/wp\/v2\/media?parent=325"}],"curies":[{"name":"wp","href":"https:\/\/api.w.org\/{rel}","templated":true}]}}