{"id":119,"date":"2025-07-23T17:52:21","date_gmt":"2025-07-23T15:52:21","guid":{"rendered":"http:\/\/r25.herdsoft\/cms\/?page_id=119"},"modified":"2025-08-06T14:36:56","modified_gmt":"2025-08-06T12:36:56","slug":"hardware-entwicklung","status":"publish","type":"page","link":"http:\/\/r25.herdsoft\/cms\/hardware-entwicklung\/","title":{"rendered":"Hardware-Entwicklung"},"content":{"rendered":"\n<p>Im Auftrag von Kunden entwickle ich kundenspezifische Elektronik. In einfachen F\u00e4llen mache ich alles vom Schaltungsdesign \u00fcber das Layout bis zur Organisation von Kleinserien.<\/p>\n\n\n\n<figure class=\"wp-block-image size-large\"><img loading=\"lazy\" decoding=\"async\" width=\"1024\" height=\"461\" src=\"http:\/\/r25.herdsoft\/cms\/wp-content\/uploads\/2025\/07\/kicad-1024x461.png\" alt=\"Symbolbild Schaltplanauszug aus KiCad\" class=\"wp-image-183\" srcset=\"http:\/\/r25.herdsoft\/cms\/wp-content\/uploads\/2025\/07\/kicad-1024x461.png 1024w, http:\/\/r25.herdsoft\/cms\/wp-content\/uploads\/2025\/07\/kicad-300x135.png 300w, http:\/\/r25.herdsoft\/cms\/wp-content\/uploads\/2025\/07\/kicad-768x346.png 768w, http:\/\/r25.herdsoft\/cms\/wp-content\/uploads\/2025\/07\/kicad.png 1184w\" sizes=\"auto, (max-width: 1024px) 100vw, 1024px\" \/><\/figure>\n\n\n\n<p>Bei komplexeren Anforderungen arbeite ich dazu mit kompetenten Partnern zusammen, um komplexe Projekte, die Fertigung mittlerer St\u00fcckzahlen und Qualit\u00e4tssicherung zu organisieren.<\/p>\n\n\n\n<p>Typische Designs umfassen heute in der Regel Mikrocontroller, manchmal auch FPGAs.<\/p>\n\n\n\n<h2 class=\"wp-block-heading\">Beispielprojekte<\/h2>\n\n\n\n<p>Die vorgestellten Beispielprojekte wurden als Kundenauftr\u00e4ge ausgef\u00fchrt. Sie werden hier mit freundlicher Genehmigung der Kunden ohne viele Details dargestellt.<\/p>\n\n\n\n<h3 class=\"wp-block-heading\">ZynQ 7000 SoC<\/h3>\n\n\n\n<p>2023: Datenverarbeitungsplatine zur Konvertierung von drei Datenstr\u00f6men, die vom PC per Gigabit Ethernet geliefert werden, mit einem Xilinx\/AMD <a href=\"https:\/\/www.amd.com\/de\/products\/adaptive-socs-and-fpgas\/soc\/zynq-7000.html\">ZynQ 7000 SoC<\/a> in anwendungsspezifische Datenstr\u00f6me f\u00fcr die Endkunden-Hardware, wobei eine Leistung von 80 MByte \/ Sekunde im Echtzeitbetrieb gehalten werden muss.<\/p>\n\n\n\n<figure class=\"wp-block-image size-full\"><img loading=\"lazy\" decoding=\"async\" width=\"1004\" height=\"610\" src=\"http:\/\/r25.herdsoft\/cms\/wp-content\/uploads\/2025\/07\/zynq-1.jpg\" alt=\"\" class=\"wp-image-155\" srcset=\"http:\/\/r25.herdsoft\/cms\/wp-content\/uploads\/2025\/07\/zynq-1.jpg 1004w, http:\/\/r25.herdsoft\/cms\/wp-content\/uploads\/2025\/07\/zynq-1-300x182.jpg 300w, http:\/\/r25.herdsoft\/cms\/wp-content\/uploads\/2025\/07\/zynq-1-768x467.jpg 768w\" sizes=\"auto, (max-width: 1004px) 100vw, 1004px\" \/><\/figure>\n\n\n\n<h3 class=\"wp-block-heading\">SAM-E<\/h3>\n\n\n\n<p>2019: Ansteuerplatine f\u00fcr eine einfache Motorsteuerung als kompatible L\u00f6sung f\u00fcr eine nicht mehr lieferbare Elektronik von 2005. Basierend auf Atmel SAM-E Mikrocontroller zur Kommunikation mit USB und CAN-Bus.<\/p>\n\n\n\n<figure class=\"wp-block-image size-large\"><img loading=\"lazy\" decoding=\"async\" width=\"1024\" height=\"541\" src=\"http:\/\/r25.herdsoft\/cms\/wp-content\/uploads\/2025\/07\/same-1024x541.jpg\" alt=\"\" class=\"wp-image-148\" srcset=\"http:\/\/r25.herdsoft\/cms\/wp-content\/uploads\/2025\/07\/same-1024x541.jpg 1024w, http:\/\/r25.herdsoft\/cms\/wp-content\/uploads\/2025\/07\/same-300x159.jpg 300w, http:\/\/r25.herdsoft\/cms\/wp-content\/uploads\/2025\/07\/same-768x406.jpg 768w, http:\/\/r25.herdsoft\/cms\/wp-content\/uploads\/2025\/07\/same-1536x812.jpg 1536w, http:\/\/r25.herdsoft\/cms\/wp-content\/uploads\/2025\/07\/same-2048x1082.jpg 2048w\" sizes=\"auto, (max-width: 1024px) 100vw, 1024px\" \/><\/figure>\n\n\n\n<h3 class=\"wp-block-heading\">Atmel ATXMega 128A1U-AU<\/h3>\n\n\n\n<p>2017: Eine E\/A-Erweiterungsplatine f\u00fcr eine SPS-Steuerung um lokal Ventile, Pumpen und Sensoren zu verabeiten, basierend auf einem Atmel <a href=\"https:\/\/www.microchip.com\/en-us\/product\/ATXMEGA128A1U\">ATXmega 128A1U<\/a>-Mkrocontontroller zur Kommunikation \u00fcber USB, I\u00b2C oder UART-Schnittstellen.<\/p>\n\n\n\n<figure class=\"wp-block-image size-full\"><img loading=\"lazy\" decoding=\"async\" width=\"512\" height=\"438\" src=\"http:\/\/r25.herdsoft\/cms\/wp-content\/uploads\/2025\/07\/atxmega-1.jpg\" alt=\"\" class=\"wp-image-901\" srcset=\"http:\/\/r25.herdsoft\/cms\/wp-content\/uploads\/2025\/07\/atxmega-1.jpg 512w, http:\/\/r25.herdsoft\/cms\/wp-content\/uploads\/2025\/07\/atxmega-1-300x257.jpg 300w\" sizes=\"auto, (max-width: 512px) 100vw, 512px\" \/><\/figure>\n\n\n\n<h3 class=\"wp-block-heading\">Cy68013A mit Xilinx Spartan 6<\/h3>\n\n\n\n<p>2015: FPGA-Platine zur Echtzeit-Signalverarbeitung basierend auf einem Modul von <a href=\"https:\/\/www.ztex.de\/\">ztex<\/a> . die USB-Verbindung initialisiert die FPGA-Konfiguration und Parameter. Au\u00dferdem k\u00f6nnen die Rohsignale in Echtzeit zum PC \u00fcberspielt und dort zur weiteren Analyse gespeichert werden.<\/p>\n\n\n\n<figure class=\"wp-block-image size-full\"><img loading=\"lazy\" decoding=\"async\" width=\"789\" height=\"372\" src=\"http:\/\/r25.herdsoft\/cms\/wp-content\/uploads\/2025\/07\/spartan6.jpg\" alt=\"\" class=\"wp-image-180\" srcset=\"http:\/\/r25.herdsoft\/cms\/wp-content\/uploads\/2025\/07\/spartan6.jpg 789w, http:\/\/r25.herdsoft\/cms\/wp-content\/uploads\/2025\/07\/spartan6-300x141.jpg 300w, http:\/\/r25.herdsoft\/cms\/wp-content\/uploads\/2025\/07\/spartan6-768x362.jpg 768w\" sizes=\"auto, (max-width: 789px) 100vw, 789px\" \/><\/figure>\n\n\n\n<h2 class=\"wp-block-heading\">Siehe auch<\/h2>\n\n\n\n<ul class=\"wp-block-list\">\n<li><a href=\"http:\/\/r25.herdsoft\/cms\/firmware\/\" data-type=\"page\" data-id=\"185\">Firmware Entwicklung<\/a><\/li>\n\n\n\n<li><a href=\"http:\/\/r25.herdsoft\/cms\/aeltere-projekte\/\" data-type=\"page\" data-id=\"401\">\u00c4ltere Projekte<\/a><\/li>\n<\/ul>\n","protected":false},"excerpt":{"rendered":"<p>Im Auftrag von Kunden entwickle ich kundenspezifische Elektronik. In einfachen F\u00e4llen mache ich alles vom Schaltungsdesign \u00fcber das Layout bis zur Organisation von Kleinserien. Bei komplexeren Anforderungen arbeite ich dazu mit kompetenten Partnern zusammen, um komplexe Projekte, die Fertigung mittlerer St\u00fcckzahlen und Qualit\u00e4tssicherung zu organisieren. Typische Designs umfassen heute in der Regel Mikrocontroller, manchmal auch [&hellip;]<\/p>\n","protected":false},"author":1,"featured_media":26,"parent":0,"menu_order":0,"comment_status":"closed","ping_status":"closed","template":"","meta":{"footnotes":""},"class_list":["post-119","page","type-page","status-publish","has-post-thumbnail","hentry"],"_links":{"self":[{"href":"http:\/\/r25.herdsoft\/cms\/wp-json\/wp\/v2\/pages\/119","targetHints":{"allow":["GET"]}}],"collection":[{"href":"http:\/\/r25.herdsoft\/cms\/wp-json\/wp\/v2\/pages"}],"about":[{"href":"http:\/\/r25.herdsoft\/cms\/wp-json\/wp\/v2\/types\/page"}],"author":[{"embeddable":true,"href":"http:\/\/r25.herdsoft\/cms\/wp-json\/wp\/v2\/users\/1"}],"replies":[{"embeddable":true,"href":"http:\/\/r25.herdsoft\/cms\/wp-json\/wp\/v2\/comments?post=119"}],"version-history":[{"count":65,"href":"http:\/\/r25.herdsoft\/cms\/wp-json\/wp\/v2\/pages\/119\/revisions"}],"predecessor-version":[{"id":940,"href":"http:\/\/r25.herdsoft\/cms\/wp-json\/wp\/v2\/pages\/119\/revisions\/940"}],"wp:featuredmedia":[{"embeddable":true,"href":"http:\/\/r25.herdsoft\/cms\/wp-json\/wp\/v2\/media\/26"}],"wp:attachment":[{"href":"http:\/\/r25.herdsoft\/cms\/wp-json\/wp\/v2\/media?parent=119"}],"curies":[{"name":"wp","href":"https:\/\/api.w.org\/{rel}","templated":true}]}}